{"id":403,"date":"2018-09-07T14:12:18","date_gmt":"2018-09-07T14:12:18","guid":{"rendered":"http:\/\/missoesgracaevida.com.br\/home\/?page_id=403"},"modified":"2021-04-30T11:02:15","modified_gmt":"2021-04-30T14:02:15","slug":"diretoria","status":"publish","type":"page","link":"https:\/\/missoesgracaevida.com.br\/home\/?page_id=403","title":{"rendered":"DIRETORIA"},"content":{"rendered":"<h2>Diretoria de Miss\u00f5es Gra\u00e7a e Vida &#8211; Bi\u00eanio 2018\/2019<\/h2>\n<h3>Pastor Presidente da ADGV<\/h3>\n<ol>\n<li>Pastor Alcimar Prates Costa<\/li>\n<\/ol>\n<div class=\"rl-gallery-container rl-loading\" id=\"rl-gallery-container-1\" data-gallery_id=\"489\"> <div class=\"rl-gallery rl-basicgrid-gallery \" id=\"rl-gallery-1\" data-gallery_no=\"1\"> <div class=\"rl-gallery-item\"><a href=\"https:\/\/missoesgracaevida.com.br\/home\/wp-content\/uploads\/2018\/09\/pastor_alcimar_prates_costa.jpg\" title=\"\" data-rl_title=\"\" class=\"rl-gallery-link\" data-rl_caption=\"\" data-rel=\"lightbox-gallery-1\"><img src=\"https:\/\/missoesgracaevida.com.br\/home\/wp-content\/uploads\/2018\/09\/pastor_alcimar_prates_costa-150x150.jpg\" width=\"150\" height=\"150\" \/><\/a><\/div> <\/div> <\/div>\n<h3>Presid\u00eancia de Miss\u00f5es<\/h3>\n<ul>\n<li>Presidente das Miss\u00f5es Gra\u00e7a e Vida: Ev. Ivanildo da Concei\u00e7\u00e3o Costa<\/li>\n<li>1\u00ba Vice-presidente: Ev. Isaac Prates Costa<\/li>\n<li>2\u00ba Vice-presidente: Dc. Francisco Paix\u00e3o<\/li>\n<\/ul>\n<div class=\"rl-gallery-container rl-loading\" id=\"rl-gallery-container-2\" data-gallery_id=\"427\"> <div class=\"rl-gallery rl-basicgrid-gallery \" id=\"rl-gallery-2\" data-gallery_no=\"2\"> <div class=\"rl-gallery-item\"><a href=\"https:\/\/missoesgracaevida.com.br\/home\/wp-content\/uploads\/2018\/09\/ivanildo.jpeg\" title=\"\" data-rl_title=\"\" class=\"rl-gallery-link\" data-rl_caption=\"\" data-rel=\"lightbox-gallery-2\"><img src=\"https:\/\/missoesgracaevida.com.br\/home\/wp-content\/uploads\/2018\/09\/ivanildo-150x150.jpeg\" width=\"150\" height=\"150\" \/><\/a><\/div><div class=\"rl-gallery-item\"><a href=\"https:\/\/missoesgracaevida.com.br\/home\/wp-content\/uploads\/2018\/09\/isaac.jpeg\" title=\"\" data-rl_title=\"\" class=\"rl-gallery-link\" data-rl_caption=\"\" data-rel=\"lightbox-gallery-2\"><img src=\"https:\/\/missoesgracaevida.com.br\/home\/wp-content\/uploads\/2018\/09\/isaac-150x150.jpeg\" width=\"150\" height=\"150\" \/><\/a><\/div> <\/div> <\/div>\n<h3>Secretaria<\/h3>\n<ul>\n<li>1\u00ba Secret\u00e1rio: Bruna Batista Arcanjo<\/li>\n<li>2\u00aa Secret\u00e1ria: Karla Carvalho<\/li>\n<li>Secret\u00e1ria de Comunica\u00e7\u00e3o Social: K\u00e9vilan Silva Costa de Oliveira<\/li>\n<\/ul>\n<div class=\"rl-gallery-container rl-loading\" id=\"rl-gallery-container-3\" data-gallery_id=\"436\"> <div class=\"rl-gallery rl-basicgrid-gallery \" id=\"rl-gallery-3\" data-gallery_no=\"3\"> <div class=\"rl-gallery-item\"><a href=\"https:\/\/missoesgracaevida.com.br\/home\/wp-content\/uploads\/2018\/09\/kel.jpeg\" title=\"\" data-rl_title=\"\" class=\"rl-gallery-link\" data-rl_caption=\"\" data-rel=\"lightbox-gallery-3\"><img src=\"https:\/\/missoesgracaevida.com.br\/home\/wp-content\/uploads\/2018\/09\/kel-150x150.jpeg\" width=\"150\" height=\"150\" \/><\/a><\/div><div class=\"rl-gallery-item\"><a href=\"https:\/\/missoesgracaevida.com.br\/home\/wp-content\/uploads\/2018\/09\/miss_karla.jpeg\" title=\"\" data-rl_title=\"\" class=\"rl-gallery-link\" data-rl_caption=\"\" data-rel=\"lightbox-gallery-3\"><img src=\"https:\/\/missoesgracaevida.com.br\/home\/wp-content\/uploads\/2018\/09\/miss_karla-150x150.jpeg\" width=\"150\" height=\"150\" \/><\/a><\/div> <\/div> <\/div>\n<h3>Secret\u00e1ria de assuntos internacionais e correspond\u00eancia<\/h3>\n<ul>\n<li>Miss\u00aa. Priscila Nazar\u00e9 Ribeiro da Silva<\/li>\n<\/ul>\n<div class=\"rl-gallery-container rl-loading\" id=\"rl-gallery-container-4\" data-gallery_id=\"833\"> <div class=\"rl-gallery rl-basicgrid-gallery \" id=\"rl-gallery-4\" data-gallery_no=\"4\"> <div class=\"rl-gallery-item\"><a href=\"https:\/\/missoesgracaevida.com.br\/home\/wp-content\/uploads\/2019\/04\/priscila_nazare_ribeiro_da_silva.jpeg\" title=\"\" data-rl_title=\"\" class=\"rl-gallery-link\" data-rl_caption=\"\" data-rel=\"lightbox-gallery-4\"><img src=\"https:\/\/missoesgracaevida.com.br\/home\/wp-content\/uploads\/2019\/04\/priscila_nazare_ribeiro_da_silva-150x150.jpeg\" width=\"150\" height=\"150\" \/><\/a><\/div> <\/div> <\/div>\n<h3>Tesouraria<\/h3>\n<ul>\n<li>1\u00ba Tesoureiro: Almir da Silva Gomes<\/li>\n<li>2\u00ba Tesoureiro: Elizabel Gon\u00e7alves Costa<\/li>\n<li>3\u00ba Tesoureiro: Dc. Eduardo Gomes<\/li>\n<\/ul>\n<div class=\"rl-gallery-container rl-loading\" id=\"rl-gallery-container-5\" data-gallery_id=\"441\"> <div class=\"rl-gallery rl-basicgrid-gallery \" id=\"rl-gallery-5\" data-gallery_no=\"5\"> <div class=\"rl-gallery-item\"><a href=\"https:\/\/missoesgracaevida.com.br\/home\/wp-content\/uploads\/2018\/09\/miss_elizabel.jpeg\" title=\"\" data-rl_title=\"\" class=\"rl-gallery-link\" data-rl_caption=\"\" data-rel=\"lightbox-gallery-5\"><img src=\"https:\/\/missoesgracaevida.com.br\/home\/wp-content\/uploads\/2018\/09\/miss_elizabel-150x150.jpeg\" width=\"150\" height=\"150\" \/><\/a><\/div><div class=\"rl-gallery-item\"><a href=\"https:\/\/missoesgracaevida.com.br\/home\/wp-content\/uploads\/2018\/09\/dc_eduardo_gomes_ferreira.jpeg\" title=\"\" data-rl_title=\"\" class=\"rl-gallery-link\" data-rl_caption=\"\" data-rel=\"lightbox-gallery-5\"><img src=\"https:\/\/missoesgracaevida.com.br\/home\/wp-content\/uploads\/2018\/09\/dc_eduardo_gomes_ferreira-150x150.jpeg\" width=\"150\" height=\"150\" \/><\/a><\/div> <\/div> <\/div>\n<h3>Rela\u00e7\u00f5es P\u00fablicas<\/h3>\n<ul>\n<li>Pb. Carlos Ven\u00e2ncio<\/li>\n<li>Cp. Maykon Deivid Ferreira da Silva<\/li>\n<li>Dc. Willian de Moura<\/li>\n<li>Miss\u00aa. Ros\u00e2ngela Coutinho<\/li>\n<li>Miss. Saadia Rocha<\/li>\n<\/ul>\n<div class=\"rl-gallery-container rl-loading\" id=\"rl-gallery-container-6\" data-gallery_id=\"449\"> <div class=\"rl-gallery rl-basicgrid-gallery \" id=\"rl-gallery-6\" data-gallery_no=\"6\"> <div class=\"rl-gallery-item\"><a href=\"https:\/\/missoesgracaevida.com.br\/home\/wp-content\/uploads\/2018\/09\/venancio.jpeg\" title=\"\" data-rl_title=\"\" class=\"rl-gallery-link\" data-rl_caption=\"\" data-rel=\"lightbox-gallery-6\"><img src=\"https:\/\/missoesgracaevida.com.br\/home\/wp-content\/uploads\/2018\/09\/venancio-150x150.jpeg\" width=\"150\" height=\"150\" \/><\/a><\/div><div class=\"rl-gallery-item\"><a href=\"https:\/\/missoesgracaevida.com.br\/home\/wp-content\/uploads\/2018\/09\/willians.jpeg\" title=\"\" data-rl_title=\"\" class=\"rl-gallery-link\" data-rl_caption=\"\" data-rel=\"lightbox-gallery-6\"><img src=\"https:\/\/missoesgracaevida.com.br\/home\/wp-content\/uploads\/2018\/09\/willians-150x150.jpeg\" width=\"150\" height=\"150\" \/><\/a><\/div><div class=\"rl-gallery-item\"><a href=\"https:\/\/missoesgracaevida.com.br\/home\/wp-content\/uploads\/2018\/09\/rosangela.jpeg\" title=\"\" data-rl_title=\"\" class=\"rl-gallery-link\" data-rl_caption=\"\" data-rel=\"lightbox-gallery-6\"><img src=\"https:\/\/missoesgracaevida.com.br\/home\/wp-content\/uploads\/2018\/09\/rosangela-150x150.jpeg\" width=\"150\" height=\"150\" \/><\/a><\/div><div class=\"rl-gallery-item\"><a href=\"https:\/\/missoesgracaevida.com.br\/home\/wp-content\/uploads\/2018\/09\/saadia.jpeg\" title=\"\" data-rl_title=\"\" class=\"rl-gallery-link\" data-rl_caption=\"\" data-rel=\"lightbox-gallery-6\"><img src=\"https:\/\/missoesgracaevida.com.br\/home\/wp-content\/uploads\/2018\/09\/saadia-150x150.jpeg\" width=\"150\" height=\"150\" \/><\/a><\/div> <\/div> <\/div>\n<h3>Coordenadoria<\/h3>\n<ul>\n<li>Miss. Lenir Silva Rodrigues<\/li>\n<li>Ryani dos Santos<\/li>\n<li>Driziane Trichi de Moura<\/li>\n<\/ul>\n<div class=\"rl-gallery-container rl-loading\" id=\"rl-gallery-container-7\" data-gallery_id=\"457\"> <div class=\"rl-gallery rl-basicgrid-gallery \" id=\"rl-gallery-7\" data-gallery_no=\"7\"> <div class=\"rl-gallery-item\"><a href=\"https:\/\/missoesgracaevida.com.br\/home\/wp-content\/uploads\/2018\/09\/dc_eduardo_gomes_ferreira.jpeg\" title=\"\" data-rl_title=\"\" class=\"rl-gallery-link\" data-rl_caption=\"\" data-rel=\"lightbox-gallery-7\"><img src=\"https:\/\/missoesgracaevida.com.br\/home\/wp-content\/uploads\/2018\/09\/dc_eduardo_gomes_ferreira-150x150.jpeg\" width=\"150\" height=\"150\" \/><\/a><\/div><div class=\"rl-gallery-item\"><a href=\"https:\/\/missoesgracaevida.com.br\/home\/wp-content\/uploads\/2018\/09\/aparecida.jpeg\" title=\"\" data-rl_title=\"\" class=\"rl-gallery-link\" data-rl_caption=\"\" data-rel=\"lightbox-gallery-7\"><img src=\"https:\/\/missoesgracaevida.com.br\/home\/wp-content\/uploads\/2018\/09\/aparecida-150x150.jpeg\" width=\"150\" height=\"150\" \/><\/a><\/div><div class=\"rl-gallery-item\"><a href=\"https:\/\/missoesgracaevida.com.br\/home\/wp-content\/uploads\/2018\/09\/sheyla.jpeg\" title=\"\" data-rl_title=\"\" class=\"rl-gallery-link\" data-rl_caption=\"\" data-rel=\"lightbox-gallery-7\"><img src=\"https:\/\/missoesgracaevida.com.br\/home\/wp-content\/uploads\/2018\/09\/sheyla-150x150.jpeg\" width=\"150\" height=\"150\" \/><\/a><\/div><div class=\"rl-gallery-item\"><a href=\"https:\/\/missoesgracaevida.com.br\/home\/wp-content\/uploads\/2018\/09\/miss_elizabel.jpeg\" title=\"\" data-rl_title=\"\" class=\"rl-gallery-link\" data-rl_caption=\"\" data-rel=\"lightbox-gallery-7\"><img src=\"https:\/\/missoesgracaevida.com.br\/home\/wp-content\/uploads\/2018\/09\/miss_elizabel-150x150.jpeg\" width=\"150\" height=\"150\" \/><\/a><\/div><div class=\"rl-gallery-item\"><a href=\"https:\/\/missoesgracaevida.com.br\/home\/wp-content\/uploads\/2018\/09\/driziane_trichi_de_moura.jpeg\" title=\"\" data-rl_title=\"\" class=\"rl-gallery-link\" data-rl_caption=\"\" data-rel=\"lightbox-gallery-7\"><img src=\"https:\/\/missoesgracaevida.com.br\/home\/wp-content\/uploads\/2018\/09\/driziane_trichi_de_moura-150x150.jpeg\" width=\"150\" height=\"150\" \/><\/a><\/div><div class=\"rl-gallery-item\"><a href=\"https:\/\/missoesgracaevida.com.br\/home\/wp-content\/uploads\/2018\/09\/regina_santos_souza.jpeg\" title=\"\" data-rl_title=\"\" class=\"rl-gallery-link\" data-rl_caption=\"\" data-rel=\"lightbox-gallery-7\"><img src=\"https:\/\/missoesgracaevida.com.br\/home\/wp-content\/uploads\/2018\/09\/regina_santos_souza-150x150.jpeg\" width=\"150\" height=\"150\" \/><\/a><\/div><div class=\"rl-gallery-item\"><a href=\"https:\/\/missoesgracaevida.com.br\/home\/wp-content\/uploads\/2018\/09\/lucineia_cardoso_bravim.jpeg\" title=\"\" data-rl_title=\"\" class=\"rl-gallery-link\" data-rl_caption=\"\" data-rel=\"lightbox-gallery-7\"><img src=\"https:\/\/missoesgracaevida.com.br\/home\/wp-content\/uploads\/2018\/09\/lucineia_cardoso_bravim-150x150.jpeg\" width=\"150\" height=\"150\" \/><\/a><\/div><div class=\"rl-gallery-item\"><a href=\"https:\/\/missoesgracaevida.com.br\/home\/wp-content\/uploads\/2018\/09\/tarsis_morgana.jpeg\" title=\"\" data-rl_title=\"\" class=\"rl-gallery-link\" data-rl_caption=\"\" data-rel=\"lightbox-gallery-7\"><img src=\"https:\/\/missoesgracaevida.com.br\/home\/wp-content\/uploads\/2018\/09\/tarsis_morgana-150x150.jpeg\" width=\"150\" height=\"150\" \/><\/a><\/div><div class=\"rl-gallery-item\"><a href=\"https:\/\/missoesgracaevida.com.br\/home\/wp-content\/uploads\/2018\/09\/miss_karla.jpeg\" title=\"\" data-rl_title=\"\" class=\"rl-gallery-link\" data-rl_caption=\"\" data-rel=\"lightbox-gallery-7\"><img src=\"https:\/\/missoesgracaevida.com.br\/home\/wp-content\/uploads\/2018\/09\/miss_karla-150x150.jpeg\" width=\"150\" height=\"150\" \/><\/a><\/div><div class=\"rl-gallery-item\"><a href=\"https:\/\/missoesgracaevida.com.br\/home\/wp-content\/uploads\/2018\/09\/patricia_vilvock.jpeg\" title=\"\" data-rl_title=\"\" class=\"rl-gallery-link\" data-rl_caption=\"\" data-rel=\"lightbox-gallery-7\"><img src=\"https:\/\/missoesgracaevida.com.br\/home\/wp-content\/uploads\/2018\/09\/patricia_vilvock-150x150.jpeg\" width=\"150\" height=\"150\" \/><\/a><\/div><div class=\"rl-gallery-item\"><a href=\"https:\/\/missoesgracaevida.com.br\/home\/wp-content\/uploads\/2018\/09\/irani_pimenta.jpeg\" title=\"\" data-rl_title=\"\" class=\"rl-gallery-link\" data-rl_caption=\"\" data-rel=\"lightbox-gallery-7\"><img src=\"https:\/\/missoesgracaevida.com.br\/home\/wp-content\/uploads\/2018\/09\/irani_pimenta-150x150.jpeg\" width=\"150\" height=\"150\" \/><\/a><\/div><div class=\"rl-gallery-item\"><a href=\"https:\/\/missoesgracaevida.com.br\/home\/wp-content\/uploads\/2018\/09\/gutemberg.jpeg\" title=\"\" data-rl_title=\"\" class=\"rl-gallery-link\" data-rl_caption=\"\" data-rel=\"lightbox-gallery-7\"><img src=\"https:\/\/missoesgracaevida.com.br\/home\/wp-content\/uploads\/2018\/09\/gutemberg-150x150.jpeg\" width=\"150\" height=\"150\" \/><\/a><\/div> <\/div> <\/div>\n<h3>Marketing<\/h3>\n<ul>\n<li>Pr. Jonas Carneiro<\/li>\n<li>Pb. M\u00e1rcio Fagundes<\/li>\n<li>Dc. Roneison Machado de Freitas<\/li>\n<\/ul>\n<p>Divulgadores\/Produtor de conte\u00fados\/Analista de Redes Sociais\/Analista de Marketing de Influ\u00eancia\/Analista de SEO.<br \/>\nJaianne dos Santos<br \/>\nTatiany\u00a0 Hoffner de Paulo<\/p>\n<p>S\u00f4nia Vargas Fagundes<br \/>\nWesley Santos<\/p>\n<div class=\"rl-gallery-container rl-loading\" id=\"rl-gallery-container-8\" data-gallery_id=\"521\"> <div class=\"rl-gallery rl-basicgrid-gallery \" id=\"rl-gallery-8\" data-gallery_no=\"8\"> <div class=\"rl-gallery-item\"><a href=\"https:\/\/missoesgracaevida.com.br\/home\/wp-content\/uploads\/2018\/09\/roneison.jpeg\" title=\"\" data-rl_title=\"\" class=\"rl-gallery-link\" data-rl_caption=\"\" data-rel=\"lightbox-gallery-8\"><img src=\"https:\/\/missoesgracaevida.com.br\/home\/wp-content\/uploads\/2018\/09\/roneison-257x300.jpeg\" width=\"257\" height=\"300\" \/><\/a><\/div> <\/div> <\/div>\n","protected":false},"excerpt":{"rendered":"<p>Diretoria de Miss\u00f5es Gra\u00e7a e Vida &#8211; Bi\u00eanio 2018\/2019 Pastor Presidente da ADGV Pastor Alcimar Prates Costa Presid\u00eancia de Miss\u00f5es Presidente das Miss\u00f5es Gra\u00e7a e Vida: Ev. Ivanildo da Concei\u00e7\u00e3o&hellip;<\/p>\n","protected":false},"author":2,"featured_media":0,"parent":0,"menu_order":0,"comment_status":"closed","ping_status":"closed","template":"","meta":[],"_links":{"self":[{"href":"https:\/\/missoesgracaevida.com.br\/home\/index.php?rest_route=\/wp\/v2\/pages\/403"}],"collection":[{"href":"https:\/\/missoesgracaevida.com.br\/home\/index.php?rest_route=\/wp\/v2\/pages"}],"about":[{"href":"https:\/\/missoesgracaevida.com.br\/home\/index.php?rest_route=\/wp\/v2\/types\/page"}],"author":[{"embeddable":true,"href":"https:\/\/missoesgracaevida.com.br\/home\/index.php?rest_route=\/wp\/v2\/users\/2"}],"replies":[{"embeddable":true,"href":"https:\/\/missoesgracaevida.com.br\/home\/index.php?rest_route=%2Fwp%2Fv2%2Fcomments&post=403"}],"version-history":[{"count":56,"href":"https:\/\/missoesgracaevida.com.br\/home\/index.php?rest_route=\/wp\/v2\/pages\/403\/revisions"}],"predecessor-version":[{"id":1974,"href":"https:\/\/missoesgracaevida.com.br\/home\/index.php?rest_route=\/wp\/v2\/pages\/403\/revisions\/1974"}],"wp:attachment":[{"href":"https:\/\/missoesgracaevida.com.br\/home\/index.php?rest_route=%2Fwp%2Fv2%2Fmedia&parent=403"}],"curies":[{"name":"wp","href":"https:\/\/api.w.org\/{rel}","templated":true}]}}