{"id":37,"date":"2018-05-28T23:03:20","date_gmt":"2018-05-28T23:03:20","guid":{"rendered":"http:\/\/missoesgracaevida.com.br\/home\/?page_id=37"},"modified":"2019-06-11T15:08:49","modified_gmt":"2019-06-11T18:08:49","slug":"mantenedores","status":"publish","type":"page","link":"https:\/\/missoesgracaevida.com.br\/home\/?page_id=37","title":{"rendered":"MANTENEDORES"},"content":{"rendered":"<p>Abaixo est\u00e3o alguns de nossos parceiros dessa obra. Seja voc\u00ea tamb\u00e9m um mantenedor. Nos ajude a levar a Palavra de Deus a todos os cantos desse pa\u00eds e do mundo.<\/p>\n<p><em><strong>Igrejas Parceiras &#8211; Coirm\u00e3s<\/strong><\/em><\/p>\n<ul>\n<li>Igreja Evang\u00e9lica Pentecostal Assembleia de Deus, Minist\u00e9rio de Laranjeiras Velha.<br \/>Pastor Presidente: Valdivino Vieira<br \/>\nRua Cel. Manoel Nunes, 40, Laranjeiras Velha, Serra \/ ES<\/li>\n<p><\/p>\n<li>Igreja Evang\u00e9lica Assembleia de Deus, Comunidade Gets\u00eamani<br \/>\nPastor Presidente: Sebasti\u00e3o da Silva Oliveira<br \/>\nBairro: Barcelona, Serra\/ES<\/li>\n<p><\/p>\n<li>Igreja Evang\u00e9lica Quadrangular<br \/>\nPastora Presidente: Fabiene Alves Costa<br \/>\nRua Bumerangue, SN, Cidade Continental (Setor Oceania)<\/li>\n<p><\/p>\n<li>Assembleia de Deus de Vila Velha (ADVIVE)<br \/>\nPastor Presidente: Patrick Roberto<br \/>\nRua 7 de Setembro, 53, Centro, Vila Velha &#8211; ES<\/li>\n<p><\/p>\n<li>Assembleia de Deus Minist\u00e9rio Alian\u00e7a com Deus<br \/>\nPastor Presidente: Gleidson dos Santos Sales<br \/>\nAv. Distrito Federal, 11, Plan\u00edcie da Serra, Serra &#8211; ES<\/li>\n<p>\n<\/ul>\n<div class=\"rl-gallery-container rl-loading\" id=\"rl-gallery-container-1\" data-gallery_id=\"961\"> <div class=\"rl-gallery rl-basicgrid-gallery \" id=\"rl-gallery-1\" data-gallery_no=\"1\"> <div class=\"rl-gallery-item\"><a href=\"https:\/\/missoesgracaevida.com.br\/home\/wp-content\/uploads\/2018\/06\/mantenedor1.jpeg\" title=\"\" data-rl_title=\"\" class=\"rl-gallery-link\" data-rl_caption=\"\" data-rel=\"lightbox-gallery-1\"><img src=\"https:\/\/missoesgracaevida.com.br\/home\/wp-content\/uploads\/2018\/06\/mantenedor1-150x150.jpeg\" width=\"150\" height=\"150\" \/><\/a><\/div><div class=\"rl-gallery-item\"><a href=\"https:\/\/missoesgracaevida.com.br\/home\/wp-content\/uploads\/2018\/09\/IMG-20180624-WA0050.jpg\" title=\"\" data-rl_title=\"\" class=\"rl-gallery-link\" data-rl_caption=\"\" data-rel=\"lightbox-gallery-1\"><img src=\"https:\/\/missoesgracaevida.com.br\/home\/wp-content\/uploads\/2018\/09\/IMG-20180624-WA0050-150x150.jpg\" width=\"150\" height=\"150\" \/><\/a><\/div><div class=\"rl-gallery-item\"><a href=\"https:\/\/missoesgracaevida.com.br\/home\/wp-content\/uploads\/2018\/09\/mantenedor_igreja_quadrangular.jpeg\" title=\"\" data-rl_title=\"\" class=\"rl-gallery-link\" data-rl_caption=\"\" data-rel=\"lightbox-gallery-1\"><img src=\"https:\/\/missoesgracaevida.com.br\/home\/wp-content\/uploads\/2018\/09\/mantenedor_igreja_quadrangular-150x150.jpeg\" width=\"150\" height=\"150\" \/><\/a><\/div><div class=\"rl-gallery-item\"><a href=\"https:\/\/missoesgracaevida.com.br\/home\/wp-content\/uploads\/2019\/06\/logo_advive.jpg\" title=\"\" data-rl_title=\"\" class=\"rl-gallery-link\" data-rl_caption=\"\" data-rel=\"lightbox-gallery-1\"><img src=\"https:\/\/missoesgracaevida.com.br\/home\/wp-content\/uploads\/2019\/06\/logo_advive-150x150.jpg\" width=\"150\" height=\"150\" \/><\/a><\/div> <\/div> <\/div>\n<p>&nbsp;<\/p>\n<p><em><strong>Empresas Parceiras<\/strong><\/em><\/p>\n<ul>\n<li>Barbearia Barber Brothers<\/li>\n<li>Localizada na Av. Bras\u00edlia, em Porto Canoa, Serra\/ES (em frente ao supermercado Compre Bem)<\/li>\n<li>Costa Falcao Solu\u00e7\u00f5es Financeira e Imobili\u00e1ria<br \/>\nRua Benjamin Franklin, 202, Laranjeiras, Serra &#8211; ES (Atr\u00e1s da Dacasa Financeira)<\/li>\n<li>Stilo 4 Esta\u00e7\u00f5es &#8211; Moda Feminina<\/li>\n<li>N\u00e9ia Coiffeur<br \/>\nAvenida Augusto Em\u00edlio Estelita Lins, 370 &#8211; Lj 01 A, Jardim Camburi, Vit\u00f3ria &#8211; ES<\/li>\n<li>Im\u00f3veis Avany<\/li>\n<li>Tempero Capixaba Restaurante<br \/>\nRua das Patativas, 21, Porto Canoa, Serra &#8211; ES (antigo Puri Grill)<\/li>\n<\/ul>\n<div class=\"rl-gallery-container rl-loading\" id=\"rl-gallery-container-2\" data-gallery_id=\"306\"> <div class=\"rl-gallery rl-basicgrid-gallery \" id=\"rl-gallery-2\" data-gallery_no=\"2\"> <div class=\"rl-gallery-item\"><a href=\"https:\/\/missoesgracaevida.com.br\/home\/wp-content\/uploads\/2018\/09\/WhatsApp-Image-2018-10-15-at-11.06.13.jpeg\" title=\"\" data-rl_title=\"\" class=\"rl-gallery-link\" data-rl_caption=\"\" data-rel=\"lightbox-gallery-2\"><img src=\"https:\/\/missoesgracaevida.com.br\/home\/wp-content\/uploads\/2018\/09\/WhatsApp-Image-2018-10-15-at-11.06.13-150x150.jpeg\" width=\"150\" height=\"150\" \/><\/a><\/div><div class=\"rl-gallery-item\"><a href=\"https:\/\/missoesgracaevida.com.br\/home\/wp-content\/uploads\/2018\/09\/mantenedor_costa_falcao.jpeg\" title=\"\" data-rl_title=\"\" class=\"rl-gallery-link\" data-rl_caption=\"\" data-rel=\"lightbox-gallery-2\"><img src=\"https:\/\/missoesgracaevida.com.br\/home\/wp-content\/uploads\/2018\/09\/mantenedor_costa_falcao-150x150.jpeg\" width=\"150\" height=\"150\" \/><\/a><\/div><div class=\"rl-gallery-item\"><a href=\"https:\/\/missoesgracaevida.com.br\/home\/wp-content\/uploads\/2018\/09\/mantenedor_stylo_4_estacoes.jpeg\" title=\"\" data-rl_title=\"\" class=\"rl-gallery-link\" data-rl_caption=\"\" data-rel=\"lightbox-gallery-2\"><img src=\"https:\/\/missoesgracaevida.com.br\/home\/wp-content\/uploads\/2018\/09\/mantenedor_stylo_4_estacoes-150x150.jpeg\" width=\"150\" height=\"150\" \/><\/a><\/div><div class=\"rl-gallery-item\"><a href=\"https:\/\/missoesgracaevida.com.br\/home\/wp-content\/uploads\/2018\/09\/mantenedor_neia_coiffeur.jpeg\" title=\"\" data-rl_title=\"\" class=\"rl-gallery-link\" data-rl_caption=\"\" data-rel=\"lightbox-gallery-2\"><img src=\"https:\/\/missoesgracaevida.com.br\/home\/wp-content\/uploads\/2018\/09\/mantenedor_neia_coiffeur-150x150.jpeg\" width=\"150\" height=\"150\" \/><\/a><\/div><div class=\"rl-gallery-item\"><a href=\"https:\/\/missoesgracaevida.com.br\/home\/wp-content\/uploads\/2018\/09\/mantenedor_imoveis_avany.jpeg\" title=\"\" data-rl_title=\"\" class=\"rl-gallery-link\" data-rl_caption=\"\" data-rel=\"lightbox-gallery-2\"><img src=\"https:\/\/missoesgracaevida.com.br\/home\/wp-content\/uploads\/2018\/09\/mantenedor_imoveis_avany-150x150.jpeg\" width=\"150\" height=\"150\" \/><\/a><\/div><div class=\"rl-gallery-item\"><a href=\"https:\/\/missoesgracaevida.com.br\/home\/wp-content\/uploads\/2018\/09\/mantenedor_tempero_capixaba.jpeg\" title=\"\" data-rl_title=\"\" class=\"rl-gallery-link\" data-rl_caption=\"\" data-rel=\"lightbox-gallery-2\"><img src=\"https:\/\/missoesgracaevida.com.br\/home\/wp-content\/uploads\/2018\/09\/mantenedor_tempero_capixaba-150x150.jpeg\" width=\"150\" height=\"150\" \/><\/a><\/div> <\/div> <\/div>\n<p>&nbsp;<\/p>\n<p>Miss\u00f5es Gra\u00e7a e Vida, Levando P\u00e3o do C\u00e9u para quem tem fome.<br \/>\nNos ajude a fazer miss\u00f5es. Participe! Ore! Jejue! Contribua!<br \/>\nFa\u00e7a como nossos irm\u00e3os acima, seja um mantenedor dessa obra.<\/p>\n<p>Banco Ita\u00fa<br \/>\nAg\u00eancia: 4293-0<br \/>\nConta: 04413-9<br \/>\nIgreja Evang\u00e9lica Assembleia de Deus de Porto Canoa<br \/>\nCNPJ: 05.095.769\/0001-54<\/p>\n","protected":false},"excerpt":{"rendered":"<p>Abaixo est\u00e3o alguns de nossos parceiros dessa obra. Seja voc\u00ea tamb\u00e9m um mantenedor. Nos ajude a levar a Palavra de Deus a todos os cantos desse pa\u00eds e do mundo.&hellip;<\/p>\n","protected":false},"author":1,"featured_media":0,"parent":0,"menu_order":0,"comment_status":"closed","ping_status":"closed","template":"template-fullwidth.php","meta":[],"_links":{"self":[{"href":"https:\/\/missoesgracaevida.com.br\/home\/index.php?rest_route=\/wp\/v2\/pages\/37"}],"collection":[{"href":"https:\/\/missoesgracaevida.com.br\/home\/index.php?rest_route=\/wp\/v2\/pages"}],"about":[{"href":"https:\/\/missoesgracaevida.com.br\/home\/index.php?rest_route=\/wp\/v2\/types\/page"}],"author":[{"embeddable":true,"href":"https:\/\/missoesgracaevida.com.br\/home\/index.php?rest_route=\/wp\/v2\/users\/1"}],"replies":[{"embeddable":true,"href":"https:\/\/missoesgracaevida.com.br\/home\/index.php?rest_route=%2Fwp%2Fv2%2Fcomments&post=37"}],"version-history":[{"count":25,"href":"https:\/\/missoesgracaevida.com.br\/home\/index.php?rest_route=\/wp\/v2\/pages\/37\/revisions"}],"predecessor-version":[{"id":970,"href":"https:\/\/missoesgracaevida.com.br\/home\/index.php?rest_route=\/wp\/v2\/pages\/37\/revisions\/970"}],"wp:attachment":[{"href":"https:\/\/missoesgracaevida.com.br\/home\/index.php?rest_route=%2Fwp%2Fv2%2Fmedia&parent=37"}],"curies":[{"name":"wp","href":"https:\/\/api.w.org\/{rel}","templated":true}]}}