{"id":246,"date":"2018-06-23T19:55:24","date_gmt":"2018-06-23T19:55:24","guid":{"rendered":"http:\/\/missoesgracaevida.com.br\/home\/?page_id=246"},"modified":"2020-03-01T14:51:18","modified_gmt":"2020-03-01T17:51:18","slug":"seja-parceiro","status":"publish","type":"page","link":"https:\/\/missoesgracaevida.com.br\/home\/?page_id=246","title":{"rendered":"SEJA PARCEIRO"},"content":{"rendered":"<blockquote><p><i>\u201cIde por todo mundo, pregai o evangelho a toda criatura\u201d. Mc 16.15.<\/i><\/p><\/blockquote>\n<p>Jesus foi bem claro ao nos dar essa miss\u00e3o. Ele n\u00e3o disse <em>quem puder<\/em>\u00a0e sim, <em>IDE<\/em>. \u00c9 uma ordem! N\u00f3s crist\u00e3os temos a obriga\u00e7\u00e3o de fazer miss\u00f5es. As na\u00e7\u00f5es clamam por socorro. A palavra de Deus diz que o mundo jaz no mal\u00edgno (I Jo 5.19) e n\u00f3s, como servos do Senhor, devemos levar a Palavra de Deus tanto em Jerusal\u00e9m, como em toda a Jud\u00e9ia e Samaria, e at\u00e9 aos confins da terra (Atos 1.8b).<\/p>\n<p>Miss\u00e3o se faz com os p\u00e9s dos que v\u00e3o, com os joelhos dos que oram e com as m\u00e3os dos que contribuem. Se voc\u00ea n\u00e3o pode ir, contribua. Se n\u00e3o tem condi\u00e7\u00f5es de contribuir, ore. O que voc\u00ea n\u00e3o pode deixar de fazer \u00e9 miss\u00e3o. Seja um mission\u00e1rio e experimente o sobrenatural de Deus em sua vida.<\/p>\n<p>Quer ser um parceiro dessa obra? Entre em contato conosco clicando\u00a0<a href=\"http:\/\/missoesgracaevida.com.br\/home\/?page_id=6\">aqui.<\/a><\/p>\n","protected":false},"excerpt":{"rendered":"<p>\u201cIde por todo mundo, pregai o evangelho a toda criatura\u201d. Mc 16.15. Jesus foi bem claro ao nos dar essa miss\u00e3o. Ele n\u00e3o disse quem puder\u00a0e sim, IDE. \u00c9 uma&hellip;<\/p>\n","protected":false},"author":2,"featured_media":0,"parent":0,"menu_order":0,"comment_status":"closed","ping_status":"closed","template":"","meta":[],"_links":{"self":[{"href":"https:\/\/missoesgracaevida.com.br\/home\/index.php?rest_route=\/wp\/v2\/pages\/246"}],"collection":[{"href":"https:\/\/missoesgracaevida.com.br\/home\/index.php?rest_route=\/wp\/v2\/pages"}],"about":[{"href":"https:\/\/missoesgracaevida.com.br\/home\/index.php?rest_route=\/wp\/v2\/types\/page"}],"author":[{"embeddable":true,"href":"https:\/\/missoesgracaevida.com.br\/home\/index.php?rest_route=\/wp\/v2\/users\/2"}],"replies":[{"embeddable":true,"href":"https:\/\/missoesgracaevida.com.br\/home\/index.php?rest_route=%2Fwp%2Fv2%2Fcomments&post=246"}],"version-history":[{"count":6,"href":"https:\/\/missoesgracaevida.com.br\/home\/index.php?rest_route=\/wp\/v2\/pages\/246\/revisions"}],"predecessor-version":[{"id":1781,"href":"https:\/\/missoesgracaevida.com.br\/home\/index.php?rest_route=\/wp\/v2\/pages\/246\/revisions\/1781"}],"wp:attachment":[{"href":"https:\/\/missoesgracaevida.com.br\/home\/index.php?rest_route=%2Fwp%2Fv2%2Fmedia&parent=246"}],"curies":[{"name":"wp","href":"https:\/\/api.w.org\/{rel}","templated":true}]}}